{"id":85,"date":"2019-08-06T12:57:32","date_gmt":"2019-08-06T12:57:32","guid":{"rendered":"https:\/\/alitei.eu\/alitei\/?page_id=85"},"modified":"2024-04-07T18:43:32","modified_gmt":"2024-04-07T18:43:32","slug":"kontakt","status":"publish","type":"page","link":"https:\/\/alitei.eu\/alitei\/kontakt\/","title":{"rendered":"Kontakt"},"content":{"rendered":"\n<p>V\u00f5tke meiega julgelt \u00fchendust. Vastame igale kirjale.<br><br><\/p>\n\n\n\n<iframe src=\"https:\/\/www.google.com\/maps\/embed?pb=!1m18!1m12!1m3!1d3401.1275538963205!2d24.588841158640083!3d59.43194089457152!2m3!1f0!2f0!3f0!3m2!1i1024!2i768!4f13.1!3m3!1m2!1s0x46929690380cf7b9%3A0xac7dc693044eb3ed!2sTaverni%20tee%202%2C%20Tiskre%2C%2076924%20Harju%20maakond!5e1!3m2!1set!2see!4v1669018160934!5m2!1set!2see\" width=\"600\" height=\"450\" style=\"border:0;\" allowfullscreen=\"\" loading=\"lazy\" referrerpolicy=\"no-referrer-when-downgrade\"><\/iframe>\n\n\n\n<p class=\"has-medium-font-size\"><strong>Alitei O\u00dc<\/strong><br> <strong>E-mail:<\/strong> info@alitei.eu <br> <strong>Aadress<\/strong>: Harjumaa, Harku vald, Taverni tee 2\/1, 76916<br><strong> Telefon:<\/strong> (+372) 56475227<br><strong> KMKR:<\/strong> EE102702950 <strong>Registrikood:<\/strong> 14678131<br><strong> IBAN:\u00a0<\/strong>EE582200221071257632 Swedbank<\/p>\n","protected":false},"excerpt":{"rendered":"<p>V\u00f5tke meiega julgelt \u00fchendust. Vastame igale kirjale. Alitei O\u00dc E-mail: info@alitei.eu Aadress: Harjumaa, Harku vald, Taverni tee 2\/1, 76916 Telefon: (+372) 56475227 KMKR: EE102702950 Registrikood: 14678131 IBAN:\u00a0EE582200221071257632 Swedbank<\/p>\n","protected":false},"author":1,"featured_media":50,"parent":0,"menu_order":4,"comment_status":"closed","ping_status":"closed","template":"","meta":{"footnotes":""},"class_list":["post-85","page","type-page","status-publish","has-post-thumbnail","hentry"],"yoast_head":"<!-- This site is optimized with the Yoast SEO plugin v25.7 - https:\/\/yoast.com\/wordpress\/plugins\/seo\/ -->\n<title>Kontakt - ALITEI<\/title>\n<meta name=\"robots\" content=\"index, follow, max-snippet:-1, max-image-preview:large, max-video-preview:-1\" \/>\n<link rel=\"canonical\" href=\"https:\/\/alitei.eu\/alitei\/kontakt\/\" \/>\n<meta property=\"og:locale\" content=\"en_US\" \/>\n<meta property=\"og:type\" content=\"article\" \/>\n<meta property=\"og:title\" content=\"Kontakt - ALITEI\" \/>\n<meta property=\"og:description\" content=\"V\u00f5tke meiega julgelt \u00fchendust. Vastame igale kirjale. Alitei O\u00dc E-mail: info@alitei.eu Aadress: Harjumaa, Harku vald, Taverni tee 2\/1, 76916 Telefon: (+372) 56475227 KMKR: EE102702950 Registrikood: 14678131 IBAN:\u00a0EE582200221071257632 Swedbank\" \/>\n<meta property=\"og:url\" content=\"https:\/\/alitei.eu\/alitei\/kontakt\/\" \/>\n<meta property=\"og:site_name\" content=\"ALITEI\" \/>\n<meta property=\"article:modified_time\" content=\"2024-04-07T18:43:32+00:00\" \/>\n<meta property=\"og:image\" content=\"https:\/\/alitei.eu\/alitei\/wp-content\/uploads\/2019\/02\/Marginaal-2019-01-14-143144.jpg\" \/>\n\t<meta property=\"og:image:width\" content=\"1800\" \/>\n\t<meta property=\"og:image:height\" content=\"1320\" \/>\n\t<meta property=\"og:image:type\" content=\"image\/jpeg\" \/>\n<meta name=\"twitter:card\" content=\"summary_large_image\" \/>\n<meta name=\"twitter:label1\" content=\"Est. reading time\" \/>\n\t<meta name=\"twitter:data1\" content=\"1 minute\" \/>\n<script type=\"application\/ld+json\" class=\"yoast-schema-graph\">{\"@context\":\"https:\/\/schema.org\",\"@graph\":[{\"@type\":\"WebPage\",\"@id\":\"https:\/\/alitei.eu\/alitei\/kontakt\/\",\"url\":\"https:\/\/alitei.eu\/alitei\/kontakt\/\",\"name\":\"Kontakt - ALITEI\",\"isPartOf\":{\"@id\":\"https:\/\/alitei.eu\/alitei\/#website\"},\"primaryImageOfPage\":{\"@id\":\"https:\/\/alitei.eu\/alitei\/kontakt\/#primaryimage\"},\"image\":{\"@id\":\"https:\/\/alitei.eu\/alitei\/kontakt\/#primaryimage\"},\"thumbnailUrl\":\"https:\/\/alitei.eu\/alitei\/wp-content\/uploads\/2019\/02\/Marginaal-2019-01-14-143144.jpg\",\"datePublished\":\"2019-08-06T12:57:32+00:00\",\"dateModified\":\"2024-04-07T18:43:32+00:00\",\"breadcrumb\":{\"@id\":\"https:\/\/alitei.eu\/alitei\/kontakt\/#breadcrumb\"},\"inLanguage\":\"en\",\"potentialAction\":[{\"@type\":\"ReadAction\",\"target\":[\"https:\/\/alitei.eu\/alitei\/kontakt\/\"]}]},{\"@type\":\"ImageObject\",\"inLanguage\":\"en\",\"@id\":\"https:\/\/alitei.eu\/alitei\/kontakt\/#primaryimage\",\"url\":\"https:\/\/alitei.eu\/alitei\/wp-content\/uploads\/2019\/02\/Marginaal-2019-01-14-143144.jpg\",\"contentUrl\":\"https:\/\/alitei.eu\/alitei\/wp-content\/uploads\/2019\/02\/Marginaal-2019-01-14-143144.jpg\",\"width\":1800,\"height\":1320},{\"@type\":\"BreadcrumbList\",\"@id\":\"https:\/\/alitei.eu\/alitei\/kontakt\/#breadcrumb\",\"itemListElement\":[{\"@type\":\"ListItem\",\"position\":1,\"name\":\"Home\",\"item\":\"https:\/\/alitei.eu\/alitei\/\"},{\"@type\":\"ListItem\",\"position\":2,\"name\":\"Kontakt\"}]},{\"@type\":\"WebSite\",\"@id\":\"https:\/\/alitei.eu\/alitei\/#website\",\"url\":\"https:\/\/alitei.eu\/alitei\/\",\"name\":\"ALITEI O\u00dc\",\"description\":\"\",\"potentialAction\":[{\"@type\":\"SearchAction\",\"target\":{\"@type\":\"EntryPoint\",\"urlTemplate\":\"https:\/\/alitei.eu\/alitei\/?s={search_term_string}\"},\"query-input\":{\"@type\":\"PropertyValueSpecification\",\"valueRequired\":true,\"valueName\":\"search_term_string\"}}],\"inLanguage\":\"en\"}]}<\/script>\n<!-- \/ Yoast SEO plugin. -->","yoast_head_json":{"title":"Kontakt - ALITEI","robots":{"index":"index","follow":"follow","max-snippet":"max-snippet:-1","max-image-preview":"max-image-preview:large","max-video-preview":"max-video-preview:-1"},"canonical":"https:\/\/alitei.eu\/alitei\/kontakt\/","og_locale":"en_US","og_type":"article","og_title":"Kontakt - ALITEI","og_description":"V\u00f5tke meiega julgelt \u00fchendust. Vastame igale kirjale. Alitei O\u00dc E-mail: info@alitei.eu Aadress: Harjumaa, Harku vald, Taverni tee 2\/1, 76916 Telefon: (+372) 56475227 KMKR: EE102702950 Registrikood: 14678131 IBAN:\u00a0EE582200221071257632 Swedbank","og_url":"https:\/\/alitei.eu\/alitei\/kontakt\/","og_site_name":"ALITEI","article_modified_time":"2024-04-07T18:43:32+00:00","og_image":[{"width":1800,"height":1320,"url":"https:\/\/alitei.eu\/alitei\/wp-content\/uploads\/2019\/02\/Marginaal-2019-01-14-143144.jpg","type":"image\/jpeg"}],"twitter_card":"summary_large_image","twitter_misc":{"Est. reading time":"1 minute"},"schema":{"@context":"https:\/\/schema.org","@graph":[{"@type":"WebPage","@id":"https:\/\/alitei.eu\/alitei\/kontakt\/","url":"https:\/\/alitei.eu\/alitei\/kontakt\/","name":"Kontakt - ALITEI","isPartOf":{"@id":"https:\/\/alitei.eu\/alitei\/#website"},"primaryImageOfPage":{"@id":"https:\/\/alitei.eu\/alitei\/kontakt\/#primaryimage"},"image":{"@id":"https:\/\/alitei.eu\/alitei\/kontakt\/#primaryimage"},"thumbnailUrl":"https:\/\/alitei.eu\/alitei\/wp-content\/uploads\/2019\/02\/Marginaal-2019-01-14-143144.jpg","datePublished":"2019-08-06T12:57:32+00:00","dateModified":"2024-04-07T18:43:32+00:00","breadcrumb":{"@id":"https:\/\/alitei.eu\/alitei\/kontakt\/#breadcrumb"},"inLanguage":"en","potentialAction":[{"@type":"ReadAction","target":["https:\/\/alitei.eu\/alitei\/kontakt\/"]}]},{"@type":"ImageObject","inLanguage":"en","@id":"https:\/\/alitei.eu\/alitei\/kontakt\/#primaryimage","url":"https:\/\/alitei.eu\/alitei\/wp-content\/uploads\/2019\/02\/Marginaal-2019-01-14-143144.jpg","contentUrl":"https:\/\/alitei.eu\/alitei\/wp-content\/uploads\/2019\/02\/Marginaal-2019-01-14-143144.jpg","width":1800,"height":1320},{"@type":"BreadcrumbList","@id":"https:\/\/alitei.eu\/alitei\/kontakt\/#breadcrumb","itemListElement":[{"@type":"ListItem","position":1,"name":"Home","item":"https:\/\/alitei.eu\/alitei\/"},{"@type":"ListItem","position":2,"name":"Kontakt"}]},{"@type":"WebSite","@id":"https:\/\/alitei.eu\/alitei\/#website","url":"https:\/\/alitei.eu\/alitei\/","name":"ALITEI O\u00dc","description":"","potentialAction":[{"@type":"SearchAction","target":{"@type":"EntryPoint","urlTemplate":"https:\/\/alitei.eu\/alitei\/?s={search_term_string}"},"query-input":{"@type":"PropertyValueSpecification","valueRequired":true,"valueName":"search_term_string"}}],"inLanguage":"en"}]}},"_links":{"self":[{"href":"https:\/\/alitei.eu\/alitei\/wp-json\/wp\/v2\/pages\/85","targetHints":{"allow":["GET"]}}],"collection":[{"href":"https:\/\/alitei.eu\/alitei\/wp-json\/wp\/v2\/pages"}],"about":[{"href":"https:\/\/alitei.eu\/alitei\/wp-json\/wp\/v2\/types\/page"}],"author":[{"embeddable":true,"href":"https:\/\/alitei.eu\/alitei\/wp-json\/wp\/v2\/users\/1"}],"replies":[{"embeddable":true,"href":"https:\/\/alitei.eu\/alitei\/wp-json\/wp\/v2\/comments?post=85"}],"version-history":[{"count":19,"href":"https:\/\/alitei.eu\/alitei\/wp-json\/wp\/v2\/pages\/85\/revisions"}],"predecessor-version":[{"id":323,"href":"https:\/\/alitei.eu\/alitei\/wp-json\/wp\/v2\/pages\/85\/revisions\/323"}],"wp:featuredmedia":[{"embeddable":true,"href":"https:\/\/alitei.eu\/alitei\/wp-json\/wp\/v2\/media\/50"}],"wp:attachment":[{"href":"https:\/\/alitei.eu\/alitei\/wp-json\/wp\/v2\/media?parent=85"}],"curies":[{"name":"wp","href":"https:\/\/api.w.org\/{rel}","templated":true}]}}