{"id":78,"date":"2019-08-06T12:51:16","date_gmt":"2019-08-06T12:51:16","guid":{"rendered":"https:\/\/alitei.eu\/alitei\/?page_id=78"},"modified":"2026-04-14T07:41:56","modified_gmt":"2026-04-14T07:41:56","slug":"tegevusalad","status":"publish","type":"page","link":"https:\/\/alitei.eu\/alitei\/tegevusalad\/","title":{"rendered":"Tegevusalad\/Teenused"},"content":{"rendered":"\t\t<div data-elementor-type=\"wp-page\" data-elementor-id=\"78\" class=\"elementor elementor-78\">\n\t\t\t\t<div class=\"elementor-element elementor-element-5af713e9 e-flex e-con-boxed e-con e-parent\" data-id=\"5af713e9\" data-element_type=\"container\">\n\t\t\t\t\t<div class=\"e-con-inner\">\n\t\t\t\t<div class=\"elementor-element elementor-element-fb96a95 elementor-widget elementor-widget-text-editor\" data-id=\"fb96a95\" data-element_type=\"widget\" data-widget_type=\"text-editor.default\">\n\t\t\t\t\t\t\t\t\t<p><\/p>\n<p><strong>Seadistame, haldame ja arendamine Teie IT-s\u00fcsteeme<\/strong><\/p>\n<p>\u00a0<\/p>\n<p><\/p>\n<div class=\"wp-block-group\"><div class=\"wp-block-group__inner-container is-layout-flow wp-block-group-is-layout-flow\">\n<ul>\n<li style=\"list-style-type: none;\">\u00a0\n<ul>\n<li>Autopilot ja intune seadistamine ning haldus.<\/li>\n<\/ul>\n<\/li>\n<\/ul>\n<ul>\n<li style=\"list-style-type: none;\">\n<ul>\n<li>Arvutite diagnostika ja parandus.<\/li>\n<\/ul>\n<\/li>\n<\/ul>\n<ul>\n<li style=\"list-style-type: none;\">\n<ul>\n<li>Kodukontori v\u00f5i targa kontori lahendused<\/li>\n<\/ul>\n<\/li>\n<\/ul>\n<ul>\n<li style=\"list-style-type: none;\">\n<ul>\n<li>Serverit\u00f6\u00f6d &#8211; Serverite haldus, seadistamine.<\/li>\n<\/ul>\n<\/li>\n<\/ul>\n<ul>\n<li style=\"list-style-type: none;\">\n<ul>\n<li>Arvutite haldus &#8211; Installeerimine, seadistamine, tugi, konsultatsioon.<\/li>\n<\/ul>\n<\/li>\n<\/ul>\n<ul>\n<li style=\"list-style-type: none;\">\n<ul>\n<li>V\u00f5rgut\u00f6\u00f6d &#8211; Kohtv\u00f5rgu haldus, planeerimine, seadistamine, konsultatsioon.<\/li>\n<\/ul>\n<\/li>\n<\/ul>\n<ul>\n<li style=\"list-style-type: none;\">\n<ul>\n<li>O365 haldus &#8211; Keskkonna loomine, domeeni seadistamine, kasutajate haldus, arvutite haldus.<\/li>\n<\/ul>\n<\/li>\n<\/ul>\n<ul>\n<li style=\"list-style-type: none;\">\n<ul>\n<li>O365 Backup &#8211; Emailide, Onedrive, Sharepointi seadistamine pilve r\u00fcnnakute eest.<\/li>\n<\/ul>\n<\/li>\n<li style=\"list-style-type: none;\">\u00a0\n<ul>\n<li>Lauarvutite komplekteermine ja seadistamine kontori v\u00f5i m\u00e4ngimiseks<\/li>\n<li>\u00a0<\/li>\n<\/ul>\n<\/li>\n<\/ul>\n<ul>\n<li style=\"list-style-type: none;\">\n<ul>\n<li>Zone v\u00f5i Veebimajutuse eposti haldus.<\/li>\n<\/ul>\n<\/li>\n<\/ul>\n<ul>\n<li style=\"list-style-type: none;\">\n<ul>\n<li>Kodulehtede haldus &#8211; WP baasil kodulehe haldus.<\/li>\n<\/ul>\n<\/li>\n<\/ul>\n<ul>\n<li style=\"list-style-type: none;\">\n<ul>\n<li>Arvutialane n\u00f5u &#8211; Igasugustele k\u00fcsimustele saab vastuse ja lahenduse.<\/li>\n<\/ul>\n<\/li>\n<\/ul>\n<ul>\n<li style=\"list-style-type: none;\">\n<ul>\n<li>Uute ja kasutatud arvutite kontroll, ost ja m\u00fc\u00fck.<\/li>\n<\/ul>\n<\/li>\n<\/ul>\n<ul>\n<li style=\"list-style-type: none;\">\n<ul>\n<li>Turvak\u00fcsimused.<\/li>\n<\/ul>\n<\/li>\n<\/ul>\n<ul>\n<li style=\"list-style-type: none;\">\n<ul>\n<li>Arendusettepanekud.<\/li>\n<\/ul>\n<\/li>\n<\/ul>\n<\/div><\/div>\n<p><\/p>\n<figure class=\"wp-block-gallery has-nested-images columns-default is-cropped wp-block-gallery-2 is-layout-flex wp-block-gallery-is-layout-flex\">\n<p>\u00a0<\/p>\n<figure class=\"wp-block-image size-large\"><img fetchpriority=\"high\" decoding=\"async\" width=\"1024\" height=\"683\" data-id=\"296\" class=\"wp-image-296\" src=\"https:\/\/alitei.eu\/alitei\/wp-content\/uploads\/2022\/11\/wp1176997-technology-wallpaper-1-1024x683.jpg\" alt=\"\" srcset=\"https:\/\/alitei.eu\/alitei\/wp-content\/uploads\/2022\/11\/wp1176997-technology-wallpaper-1-1024x683.jpg 1024w, https:\/\/alitei.eu\/alitei\/wp-content\/uploads\/2022\/11\/wp1176997-technology-wallpaper-1-300x200.jpg 300w, https:\/\/alitei.eu\/alitei\/wp-content\/uploads\/2022\/11\/wp1176997-technology-wallpaper-1-768x512.jpg 768w, https:\/\/alitei.eu\/alitei\/wp-content\/uploads\/2022\/11\/wp1176997-technology-wallpaper-1-1536x1024.jpg 1536w, https:\/\/alitei.eu\/alitei\/wp-content\/uploads\/2022\/11\/wp1176997-technology-wallpaper-1-2048x1365.jpg 2048w, https:\/\/alitei.eu\/alitei\/wp-content\/uploads\/2022\/11\/wp1176997-technology-wallpaper-1-570x380.jpg 570w, https:\/\/alitei.eu\/alitei\/wp-content\/uploads\/2022\/11\/wp1176997-technology-wallpaper-1-600x400.jpg 600w\" sizes=\"(max-width: 1024px) 100vw, 1024px\" \/><\/figure>\n<p><\/p>\n<figure class=\"wp-block-image size-large\"><img decoding=\"async\" width=\"1024\" height=\"681\" data-id=\"295\" class=\"wp-image-295\" src=\"https:\/\/alitei.eu\/alitei\/wp-content\/uploads\/2022\/11\/wp1997621-information-technology-wallpapers-1-1024x681.jpg\" alt=\"\" srcset=\"https:\/\/alitei.eu\/alitei\/wp-content\/uploads\/2022\/11\/wp1997621-information-technology-wallpapers-1-1024x681.jpg 1024w, https:\/\/alitei.eu\/alitei\/wp-content\/uploads\/2022\/11\/wp1997621-information-technology-wallpapers-1-300x200.jpg 300w, https:\/\/alitei.eu\/alitei\/wp-content\/uploads\/2022\/11\/wp1997621-information-technology-wallpapers-1-768x511.jpg 768w, https:\/\/alitei.eu\/alitei\/wp-content\/uploads\/2022\/11\/wp1997621-information-technology-wallpapers-1-1536x1022.jpg 1536w, https:\/\/alitei.eu\/alitei\/wp-content\/uploads\/2022\/11\/wp1997621-information-technology-wallpapers-1-570x380.jpg 570w, https:\/\/alitei.eu\/alitei\/wp-content\/uploads\/2022\/11\/wp1997621-information-technology-wallpapers-1-600x399.jpg 600w, https:\/\/alitei.eu\/alitei\/wp-content\/uploads\/2022\/11\/wp1997621-information-technology-wallpapers-1.jpg 1699w\" sizes=\"(max-width: 1024px) 100vw, 1024px\" \/><\/figure>\n<p><\/p>\n<figure class=\"wp-block-image size-large\"><img decoding=\"async\" width=\"1024\" height=\"576\" data-id=\"294\" class=\"wp-image-294\" src=\"https:\/\/alitei.eu\/alitei\/wp-content\/uploads\/2022\/11\/WallpaperDog-20354820-1-1024x576.jpg\" alt=\"\" srcset=\"https:\/\/alitei.eu\/alitei\/wp-content\/uploads\/2022\/11\/WallpaperDog-20354820-1-1024x576.jpg 1024w, https:\/\/alitei.eu\/alitei\/wp-content\/uploads\/2022\/11\/WallpaperDog-20354820-1-300x169.jpg 300w, https:\/\/alitei.eu\/alitei\/wp-content\/uploads\/2022\/11\/WallpaperDog-20354820-1-768x432.jpg 768w, https:\/\/alitei.eu\/alitei\/wp-content\/uploads\/2022\/11\/WallpaperDog-20354820-1-1536x864.jpg 1536w, https:\/\/alitei.eu\/alitei\/wp-content\/uploads\/2022\/11\/WallpaperDog-20354820-1-600x338.jpg 600w, https:\/\/alitei.eu\/alitei\/wp-content\/uploads\/2022\/11\/WallpaperDog-20354820-1.jpg 1920w\" sizes=\"(max-width: 1024px) 100vw, 1024px\" \/><\/figure>\n<p><\/p>\n<\/figure>\n<p><\/p>\n<div>\u00a0<\/div>\n<div>\u00a0<\/div>\t\t\t\t\t\t\t\t<\/div>\n\t\t\t\t\t<\/div>\n\t\t\t\t<\/div>\n\t\t\t\t<\/div>\n\t\t","protected":false},"excerpt":{"rendered":"<p>Seadistame, haldame ja arendamine Teie IT-s\u00fcsteeme \u00a0 \u00a0 Autopilot ja intune seadistamine ning haldus. Arvutite diagnostika ja parandus. Kodukontori v\u00f5i targa kontori lahendused Serverit\u00f6\u00f6d &#8211; Serverite haldus, seadistamine. Arvutite haldus &#8211; Installeerimine, seadistamine, tugi, konsultatsioon. V\u00f5rgut\u00f6\u00f6d &#8211; Kohtv\u00f5rgu haldus, planeerimine, seadistamine, konsultatsioon. O365 haldus &#8211; Keskkonna loomine, domeeni seadistamine, kasutajate haldus, arvutite haldus. O365 Backup&#8230;<\/p>\n<p class=\"more-link\"><a href=\"https:\/\/alitei.eu\/alitei\/tegevusalad\/\" class=\"themebutton3\">Read More<\/a><\/p>\n","protected":false},"author":1,"featured_media":0,"parent":0,"menu_order":2,"comment_status":"closed","ping_status":"closed","template":"","meta":{"footnotes":""},"class_list":["post-78","page","type-page","status-publish","hentry"],"yoast_head":"<!-- This site is optimized with the Yoast SEO plugin v25.7 - https:\/\/yoast.com\/wordpress\/plugins\/seo\/ -->\n<title>Tegevusalad\/Teenused - ALITEI<\/title>\n<meta name=\"description\" content=\"Arvutite haldus; O365 haldus, O365 Backup; Seadmete ost ja m\u00fc\u00fck. IT n\u00f5ustamine: Arendusettepanekud; Kaughaldus\" \/>\n<meta name=\"robots\" content=\"index, follow, max-snippet:-1, max-image-preview:large, max-video-preview:-1\" \/>\n<link rel=\"canonical\" href=\"https:\/\/alitei.eu\/alitei\/tegevusalad\/\" \/>\n<meta property=\"og:locale\" content=\"en_US\" \/>\n<meta property=\"og:type\" content=\"article\" \/>\n<meta property=\"og:title\" content=\"Tegevusalad\/Teenused - ALITEI\" \/>\n<meta property=\"og:description\" content=\"Arvutite haldus; O365 haldus, O365 Backup; Seadmete ost ja m\u00fc\u00fck. IT n\u00f5ustamine: Arendusettepanekud; Kaughaldus\" \/>\n<meta property=\"og:url\" content=\"https:\/\/alitei.eu\/alitei\/tegevusalad\/\" \/>\n<meta property=\"og:site_name\" content=\"ALITEI\" \/>\n<meta property=\"article:modified_time\" content=\"2026-04-14T07:41:56+00:00\" \/>\n<meta property=\"og:image\" content=\"https:\/\/alitei.eu\/alitei\/wp-content\/uploads\/2022\/11\/wp1176997-technology-wallpaper-1-scaled.jpg\" \/>\n\t<meta property=\"og:image:width\" content=\"2560\" \/>\n\t<meta property=\"og:image:height\" content=\"1707\" \/>\n\t<meta property=\"og:image:type\" content=\"image\/jpeg\" \/>\n<meta name=\"twitter:card\" content=\"summary_large_image\" \/>\n<meta name=\"twitter:label1\" content=\"Est. reading time\" \/>\n\t<meta name=\"twitter:data1\" content=\"2 minutes\" \/>\n<script type=\"application\/ld+json\" class=\"yoast-schema-graph\">{\"@context\":\"https:\/\/schema.org\",\"@graph\":[{\"@type\":\"WebPage\",\"@id\":\"https:\/\/alitei.eu\/alitei\/tegevusalad\/\",\"url\":\"https:\/\/alitei.eu\/alitei\/tegevusalad\/\",\"name\":\"Tegevusalad\/Teenused - ALITEI\",\"isPartOf\":{\"@id\":\"https:\/\/alitei.eu\/alitei\/#website\"},\"primaryImageOfPage\":{\"@id\":\"https:\/\/alitei.eu\/alitei\/tegevusalad\/#primaryimage\"},\"image\":{\"@id\":\"https:\/\/alitei.eu\/alitei\/tegevusalad\/#primaryimage\"},\"thumbnailUrl\":\"https:\/\/alitei.eu\/alitei\/wp-content\/uploads\/2022\/11\/wp1176997-technology-wallpaper-1-1024x683.jpg\",\"datePublished\":\"2019-08-06T12:51:16+00:00\",\"dateModified\":\"2026-04-14T07:41:56+00:00\",\"description\":\"Arvutite haldus; O365 haldus, O365 Backup; Seadmete ost ja m\u00fc\u00fck. IT n\u00f5ustamine: Arendusettepanekud; Kaughaldus\",\"breadcrumb\":{\"@id\":\"https:\/\/alitei.eu\/alitei\/tegevusalad\/#breadcrumb\"},\"inLanguage\":\"en\",\"potentialAction\":[{\"@type\":\"ReadAction\",\"target\":[\"https:\/\/alitei.eu\/alitei\/tegevusalad\/\"]}]},{\"@type\":\"ImageObject\",\"inLanguage\":\"en\",\"@id\":\"https:\/\/alitei.eu\/alitei\/tegevusalad\/#primaryimage\",\"url\":\"https:\/\/alitei.eu\/alitei\/wp-content\/uploads\/2022\/11\/wp1176997-technology-wallpaper-1-scaled.jpg\",\"contentUrl\":\"https:\/\/alitei.eu\/alitei\/wp-content\/uploads\/2022\/11\/wp1176997-technology-wallpaper-1-scaled.jpg\",\"width\":2560,\"height\":1707},{\"@type\":\"BreadcrumbList\",\"@id\":\"https:\/\/alitei.eu\/alitei\/tegevusalad\/#breadcrumb\",\"itemListElement\":[{\"@type\":\"ListItem\",\"position\":1,\"name\":\"Home\",\"item\":\"https:\/\/alitei.eu\/alitei\/\"},{\"@type\":\"ListItem\",\"position\":2,\"name\":\"Tegevusalad\/Teenused\"}]},{\"@type\":\"WebSite\",\"@id\":\"https:\/\/alitei.eu\/alitei\/#website\",\"url\":\"https:\/\/alitei.eu\/alitei\/\",\"name\":\"ALITEI O\u00dc\",\"description\":\"\",\"potentialAction\":[{\"@type\":\"SearchAction\",\"target\":{\"@type\":\"EntryPoint\",\"urlTemplate\":\"https:\/\/alitei.eu\/alitei\/?s={search_term_string}\"},\"query-input\":{\"@type\":\"PropertyValueSpecification\",\"valueRequired\":true,\"valueName\":\"search_term_string\"}}],\"inLanguage\":\"en\"}]}<\/script>\n<!-- \/ Yoast SEO plugin. -->","yoast_head_json":{"title":"Tegevusalad\/Teenused - ALITEI","description":"Arvutite haldus; O365 haldus, O365 Backup; Seadmete ost ja m\u00fc\u00fck. IT n\u00f5ustamine: Arendusettepanekud; Kaughaldus","robots":{"index":"index","follow":"follow","max-snippet":"max-snippet:-1","max-image-preview":"max-image-preview:large","max-video-preview":"max-video-preview:-1"},"canonical":"https:\/\/alitei.eu\/alitei\/tegevusalad\/","og_locale":"en_US","og_type":"article","og_title":"Tegevusalad\/Teenused - ALITEI","og_description":"Arvutite haldus; O365 haldus, O365 Backup; Seadmete ost ja m\u00fc\u00fck. IT n\u00f5ustamine: Arendusettepanekud; Kaughaldus","og_url":"https:\/\/alitei.eu\/alitei\/tegevusalad\/","og_site_name":"ALITEI","article_modified_time":"2026-04-14T07:41:56+00:00","og_image":[{"width":2560,"height":1707,"url":"https:\/\/alitei.eu\/alitei\/wp-content\/uploads\/2022\/11\/wp1176997-technology-wallpaper-1-scaled.jpg","type":"image\/jpeg"}],"twitter_card":"summary_large_image","twitter_misc":{"Est. reading time":"2 minutes"},"schema":{"@context":"https:\/\/schema.org","@graph":[{"@type":"WebPage","@id":"https:\/\/alitei.eu\/alitei\/tegevusalad\/","url":"https:\/\/alitei.eu\/alitei\/tegevusalad\/","name":"Tegevusalad\/Teenused - ALITEI","isPartOf":{"@id":"https:\/\/alitei.eu\/alitei\/#website"},"primaryImageOfPage":{"@id":"https:\/\/alitei.eu\/alitei\/tegevusalad\/#primaryimage"},"image":{"@id":"https:\/\/alitei.eu\/alitei\/tegevusalad\/#primaryimage"},"thumbnailUrl":"https:\/\/alitei.eu\/alitei\/wp-content\/uploads\/2022\/11\/wp1176997-technology-wallpaper-1-1024x683.jpg","datePublished":"2019-08-06T12:51:16+00:00","dateModified":"2026-04-14T07:41:56+00:00","description":"Arvutite haldus; O365 haldus, O365 Backup; Seadmete ost ja m\u00fc\u00fck. IT n\u00f5ustamine: Arendusettepanekud; Kaughaldus","breadcrumb":{"@id":"https:\/\/alitei.eu\/alitei\/tegevusalad\/#breadcrumb"},"inLanguage":"en","potentialAction":[{"@type":"ReadAction","target":["https:\/\/alitei.eu\/alitei\/tegevusalad\/"]}]},{"@type":"ImageObject","inLanguage":"en","@id":"https:\/\/alitei.eu\/alitei\/tegevusalad\/#primaryimage","url":"https:\/\/alitei.eu\/alitei\/wp-content\/uploads\/2022\/11\/wp1176997-technology-wallpaper-1-scaled.jpg","contentUrl":"https:\/\/alitei.eu\/alitei\/wp-content\/uploads\/2022\/11\/wp1176997-technology-wallpaper-1-scaled.jpg","width":2560,"height":1707},{"@type":"BreadcrumbList","@id":"https:\/\/alitei.eu\/alitei\/tegevusalad\/#breadcrumb","itemListElement":[{"@type":"ListItem","position":1,"name":"Home","item":"https:\/\/alitei.eu\/alitei\/"},{"@type":"ListItem","position":2,"name":"Tegevusalad\/Teenused"}]},{"@type":"WebSite","@id":"https:\/\/alitei.eu\/alitei\/#website","url":"https:\/\/alitei.eu\/alitei\/","name":"ALITEI O\u00dc","description":"","potentialAction":[{"@type":"SearchAction","target":{"@type":"EntryPoint","urlTemplate":"https:\/\/alitei.eu\/alitei\/?s={search_term_string}"},"query-input":{"@type":"PropertyValueSpecification","valueRequired":true,"valueName":"search_term_string"}}],"inLanguage":"en"}]}},"_links":{"self":[{"href":"https:\/\/alitei.eu\/alitei\/wp-json\/wp\/v2\/pages\/78","targetHints":{"allow":["GET"]}}],"collection":[{"href":"https:\/\/alitei.eu\/alitei\/wp-json\/wp\/v2\/pages"}],"about":[{"href":"https:\/\/alitei.eu\/alitei\/wp-json\/wp\/v2\/types\/page"}],"author":[{"embeddable":true,"href":"https:\/\/alitei.eu\/alitei\/wp-json\/wp\/v2\/users\/1"}],"replies":[{"embeddable":true,"href":"https:\/\/alitei.eu\/alitei\/wp-json\/wp\/v2\/comments?post=78"}],"version-history":[{"count":29,"href":"https:\/\/alitei.eu\/alitei\/wp-json\/wp\/v2\/pages\/78\/revisions"}],"predecessor-version":[{"id":334,"href":"https:\/\/alitei.eu\/alitei\/wp-json\/wp\/v2\/pages\/78\/revisions\/334"}],"wp:attachment":[{"href":"https:\/\/alitei.eu\/alitei\/wp-json\/wp\/v2\/media?parent=78"}],"curies":[{"name":"wp","href":"https:\/\/api.w.org\/{rel}","templated":true}]}}